{"id":562,"date":"2019-02-12T08:31:56","date_gmt":"2019-02-12T06:31:56","guid":{"rendered":"http:\/\/woll-tastisch.de\/?page_id=562"},"modified":"2024-05-02T12:27:39","modified_gmt":"2024-05-02T10:27:39","slug":"kooperationen-mediakit","status":"publish","type":"page","link":"https:\/\/www.woll-tastisch.de\/?page_id=562","title":{"rendered":"Kooperationen\/Mediakit"},"content":{"rendered":"<p>Ich bin gerne f\u00fcr Kooperationen in meinem Themenbereich des Kreativen gestalten bereit. Sollten Sie Interesse an einer Kooperation au\u00dferhalb diesem Themenbereich haben bin ich generell nicht abgeneigt.<br \/>\nIn welchem Ausma\u00df l\u00e4sst sich gerne per E-mail unter wolltastisch.podcast@web.de kl\u00e4ren.<\/p>\n<p>Generell m\u00f6chte ich ihnen zu diesem Thema vorweg die Grundbedingung der ehrlichen Berichterstattung ans Herz legen.<\/p>\n<p>Ich werde bei jeder Kooperation meine eigene und ehrliche Meinung sagen, auch wenn diese negative Kritikpunkte enth\u00e4lt.<br \/>\nDiese Meinung l\u00e4sst sich auch f\u00fcr kein Geld der Welt erkaufen, sie ist immerhin mein pers\u00f6nliches Empfinden.<\/p>\n<p><strong><u>Mediakit<\/u><\/strong><br \/>\nHier ein \u00fcberblick \u00fcber die zahlen meiner SocialMedia Kan\u00e4le:<\/p>\n<p><strong>Instagram <\/strong>786 Follower (Stand 30.04.202024)<\/p>\n<p><strong>YouTube<\/strong> 525 Abonnenten (Stand 30.04.2024 &#8211; seid 2021 nicht aktiv genutzt)<\/p>\n","protected":false},"excerpt":{"rendered":"<p>Ich bin gerne f\u00fcr Kooperationen in meinem Themenbereich des Kreativen gestalten bereit. Sollten Sie Interesse an einer Kooperation au\u00dferhalb diesem Themenbereich haben bin ich generell nicht abgeneigt. In welchem Ausma\u00df l\u00e4sst sich gerne per E-mail unter wolltastisch.podcast@web.de kl\u00e4ren. Generell m\u00f6chte ich ihnen zu diesem Thema vorweg die Grundbedingung der ehrlichen Berichterstattung ans Herz legen. Ich [&hellip;]<\/p>\n","protected":false},"author":1,"featured_media":0,"parent":0,"menu_order":0,"comment_status":"closed","ping_status":"closed","template":"","meta":{"om_disable_all_campaigns":false,"_monsterinsights_skip_tracking":false,"_monsterinsights_sitenote_active":false,"_monsterinsights_sitenote_note":"","_monsterinsights_sitenote_category":0,"_uf_show_specific_survey":0,"_uf_disable_surveys":false,"footnotes":""},"class_list":["post-562","page","type-page","status-publish","hentry"],"aioseo_notices":[],"_links":{"self":[{"href":"https:\/\/www.woll-tastisch.de\/index.php?rest_route=\/wp\/v2\/pages\/562"}],"collection":[{"href":"https:\/\/www.woll-tastisch.de\/index.php?rest_route=\/wp\/v2\/pages"}],"about":[{"href":"https:\/\/www.woll-tastisch.de\/index.php?rest_route=\/wp\/v2\/types\/page"}],"author":[{"embeddable":true,"href":"https:\/\/www.woll-tastisch.de\/index.php?rest_route=\/wp\/v2\/users\/1"}],"replies":[{"embeddable":true,"href":"https:\/\/www.woll-tastisch.de\/index.php?rest_route=%2Fwp%2Fv2%2Fcomments&post=562"}],"version-history":[{"count":2,"href":"https:\/\/www.woll-tastisch.de\/index.php?rest_route=\/wp\/v2\/pages\/562\/revisions"}],"predecessor-version":[{"id":931,"href":"https:\/\/www.woll-tastisch.de\/index.php?rest_route=\/wp\/v2\/pages\/562\/revisions\/931"}],"wp:attachment":[{"href":"https:\/\/www.woll-tastisch.de\/index.php?rest_route=%2Fwp%2Fv2%2Fmedia&parent=562"}],"curies":[{"name":"wp","href":"https:\/\/api.w.org\/{rel}","templated":true}]}}