{"id":6,"date":"2017-06-01T13:08:09","date_gmt":"2017-06-01T12:08:09","guid":{"rendered":"https:\/\/wolltastischblog.wordpress.com\/?page_id=2"},"modified":"2024-05-02T12:15:06","modified_gmt":"2024-05-02T10:15:06","slug":"ueber","status":"publish","type":"page","link":"https:\/\/www.woll-tastisch.de\/?page_id=6","title":{"rendered":"Das bin ich"},"content":{"rendered":"\n<p>Hallo zusammen,<\/p>\n\n\n\n<p>Das bin ich. Noch ein kleiner bunter H\u00fcpfer der sich gerne mit Nadel und Faden<br>besch\u00e4ftigt.<br>Hier auf meinem Blog zeige ich euch meine Projekte und was sich sonst noch so mit F\u00e4den bei mir herumtreibt.<\/p>\n\n\n\n<p>Begonnen habe ich damit im Sommer 2017 um euch Kreativen da drau\u00dfen einen kleine Teil zur\u00fcckzugeben von dem was ich durch eure Inspirationen bekomme.<br>Inzwischen ist das ganze mit viel eigenleben gef\u00fcllt mit dem ich Anfangs nie gerechnet h\u00e4tte.<br>Daf\u00fcr m\u00f6chte ich an dieser Stelle Mal Danken.<\/p>\n\n\n\n<div class=\"wp-block-group\"><div class=\"wp-block-group__inner-container is-layout-constrained wp-block-group-is-layout-constrained\">\n<p class=\"has-text-align-center has-x-large-font-size\">&#8222;Geht nicht, gibt&#8217;s nicht!&#8220;<\/p>\n\n\n\n<p class=\"has-text-align-center has-small-font-size\">Artur Fischer 1919 bis 20216<\/p>\n\n\n\n<p><\/p>\n<\/div><\/div>\n\n\n\n<p>Ganz nach dem Motto des Deutschen Erfinders bin ich inzwischen im Stricken unterwegs. <\/p>\n\n\n\n<p>Um meinen Perfektionisten in mir zu befreidigen m\u00f6chte das sachen die ich mir selber erstelle auch zu 100% gefallen und passen. Egal ob es dabei um die Muster oder die Passform geht.<\/p>\n\n\n\n<p>Ich werfe oft Anleitungen zusammen oder \u00e4ndere etwas so ab das ich damit am Ende zufrieden bin.<\/p>\n\n\n\n<p>Diesen mut, etwas ander zu machen, m\u00f6chte ich gerne weitergeben und Versuche deswegen euch auf diesem Weg mitzunehmen. Denn es gibt nichts \u00e4rgerlicheres als viel Zeit in ein St\u00fcck zu Stecken und es am Ende nicht zu tragen weil es einem nicht gef\u00e4llt. <\/p>\n\n\n\n<div class=\"wp-block-columns is-layout-flex wp-container-core-columns-is-layout-1 wp-block-columns-is-layout-flex\">\n<div class=\"wp-block-column is-layout-flow wp-block-column-is-layout-flow\" style=\"flex-basis:70%\">\n<p>Ganz passend zu meinem Motto durfte ich 2023 die Liebe <a href=\"https:\/\/www.instagram.com\/claudia.eisenkolb\/\">Claudia Eisenkolb<\/a> bei ihrem Herzensprojekt unterst\u00fctzen.<\/p>\n\n\n\n<p>Sie hat beim Stiebnerverlag das das Buch &#8222;Ma\u00dfgestrickt &#8211; Der Weg zur Pefekten Passform&#8220; ver\u00f6ffentlicht. <\/p>\n\n\n\n<p>Ich durfte sie als Modell und vorlage unterst\u00fctzen. Mit ihrerem Wissen und ihrer Erfahrung hat sie f\u00fcnf Pulloveranleitungen geschreiben die mit hilfe von ihrem Buch auf einen selber angepast werden k\u00f6nnen.<\/p>\n<\/div>\n\n\n\n<div class=\"wp-block-column is-layout-flow wp-block-column-is-layout-flow\" style=\"flex-basis:30%\">\n<figure class=\"wp-block-image size-large\"><a href=\"https:\/\/www.stiebner.com\/produkt\/massgestrickt\/\"><img decoding=\"async\" src=\"https:\/\/www.stiebner.com\/wp-content\/uploads\/2023\/04\/9783830721383_spiegel-bestseller.jpg.webp\" alt=\"\"\/><\/a><\/figure>\n<\/div>\n<\/div>\n\n\n\n<div class=\"wp-block-columns is-layout-flex wp-container-core-columns-is-layout-2 wp-block-columns-is-layout-flex\">\n<div class=\"wp-block-column is-layout-flow wp-block-column-is-layout-flow\" style=\"flex-basis:40%\">\n<figure class=\"wp-block-image\"><img loading=\"lazy\" decoding=\"async\" width=\"528\" height=\"396\" src=\"http:\/\/www.woll-tastisch.de\/wp-content\/uploads\/2020\/02\/img_4900.jpg\" alt=\"\" class=\"wp-image-707\" srcset=\"https:\/\/www.woll-tastisch.de\/wp-content\/uploads\/2020\/02\/img_4900.jpg 528w, https:\/\/www.woll-tastisch.de\/wp-content\/uploads\/2020\/02\/img_4900-300x225.jpg 300w\" sizes=\"(max-width: 528px) 100vw, 528px\" \/><\/figure>\n<\/div>\n\n\n\n<div class=\"wp-block-column is-layout-flow wp-block-column-is-layout-flow\">\n<p>Hier noch ein Paar Randinfos \u00fcber Mich<\/p>\n\n\n\n<ul class=\"wp-block-list\">\n<li>Gebornen 1998<\/li>\n\n\n\n<li>Ich stricke seid den Tod meiner Uroma Aktiv (2016)<\/li>\n\n\n\n<li>Schraube ab und an gerne mal am Auto und an Dampfmodellen<\/li>\n\n\n\n<li>Bin dank meines Freundes von Herzen Bulli-Fahrerin<\/li>\n\n\n\n<li>Gelernte Industriemechanikerin<\/li>\n\n\n\n<li>Das Handarbeiten bereits als Kind gelernt<\/li>\n<\/ul>\n<\/div>\n<\/div>\n","protected":false},"excerpt":{"rendered":"<p>Dies ist nur eine Kurzfassung der Seite&amp;nbsp;\u201e\u00dcber\u201c.<\/p>\n","protected":false},"author":1,"featured_media":0,"parent":0,"menu_order":1,"comment_status":"closed","ping_status":"closed","template":"","meta":{"om_disable_all_campaigns":false,"_monsterinsights_skip_tracking":false,"_monsterinsights_sitenote_active":false,"_monsterinsights_sitenote_note":"","_monsterinsights_sitenote_category":0,"_uf_show_specific_survey":0,"_uf_disable_surveys":false,"footnotes":""},"class_list":["post-6","page","type-page","status-publish","hentry"],"aioseo_notices":[],"_links":{"self":[{"href":"https:\/\/www.woll-tastisch.de\/index.php?rest_route=\/wp\/v2\/pages\/6"}],"collection":[{"href":"https:\/\/www.woll-tastisch.de\/index.php?rest_route=\/wp\/v2\/pages"}],"about":[{"href":"https:\/\/www.woll-tastisch.de\/index.php?rest_route=\/wp\/v2\/types\/page"}],"author":[{"embeddable":true,"href":"https:\/\/www.woll-tastisch.de\/index.php?rest_route=\/wp\/v2\/users\/1"}],"replies":[{"embeddable":true,"href":"https:\/\/www.woll-tastisch.de\/index.php?rest_route=%2Fwp%2Fv2%2Fcomments&post=6"}],"version-history":[{"count":12,"href":"https:\/\/www.woll-tastisch.de\/index.php?rest_route=\/wp\/v2\/pages\/6\/revisions"}],"predecessor-version":[{"id":926,"href":"https:\/\/www.woll-tastisch.de\/index.php?rest_route=\/wp\/v2\/pages\/6\/revisions\/926"}],"wp:attachment":[{"href":"https:\/\/www.woll-tastisch.de\/index.php?rest_route=%2Fwp%2Fv2%2Fmedia&parent=6"}],"curies":[{"name":"wp","href":"https:\/\/api.w.org\/{rel}","templated":true}]}}