{"id":935,"date":"2024-09-10T10:07:53","date_gmt":"2024-09-10T08:07:53","guid":{"rendered":"https:\/\/www.woll-tastisch.de\/?page_id=935"},"modified":"2024-09-10T10:50:04","modified_gmt":"2024-09-10T08:50:04","slug":"wolle-kalender","status":"publish","type":"page","link":"https:\/\/www.woll-tastisch.de\/?page_id=935","title":{"rendered":"Wollfeste"},"content":{"rendered":"\n<p>Liebe Freunde der Wolligen Unterhaltung.<\/p>\n\n\n\n<p>Ich habe mir mal die M\u00fche gemacht, eine \u00dcbersicht zusammenzustellen, in der ihr alle Wollfeste, die in n\u00e4chster Zeit anstehen, an einem Ort sehen k\u00f6nnt.<\/p>\n\n\n\n<p>Solltet ihr noch etwas vermissen, k\u00f6nnt ihr mir gerne \u00fcber meine Socials oder per Mail an: wolltastisch.podcast@web.de schreiben.<\/p>\n\n\n<div class=\"mec-wrap mec-skin-timeline-container  \" id=\"mec_skin_940\">\r\n\r\n    \r\n        <div class=\"mec-skin-timeline-events-container\" id=\"mec_skin_events_940\">\r\n        Keine Veranstaltung gefunden    <\/div>\r\n    \r\n    \r\n<\/div>\r\n\n","protected":false},"excerpt":{"rendered":"<p>Liebe Freunde der Wolligen Unterhaltung. Ich habe mir mal die M\u00fche gemacht, eine \u00dcbersicht zusammenzustellen, in der ihr alle Wollfeste, die in n\u00e4chster Zeit anstehen, an einem Ort sehen k\u00f6nnt. Solltet ihr noch etwas vermissen, k\u00f6nnt ihr mir gerne \u00fcber meine Socials oder per Mail an: wolltastisch.podcast@web.de schreiben.<\/p>\n","protected":false},"author":1,"featured_media":0,"parent":0,"menu_order":0,"comment_status":"closed","ping_status":"closed","template":"","meta":{"om_disable_all_campaigns":false,"_monsterinsights_skip_tracking":false,"_monsterinsights_sitenote_active":false,"_monsterinsights_sitenote_note":"","_monsterinsights_sitenote_category":0,"_uf_show_specific_survey":0,"_uf_disable_surveys":false,"footnotes":""},"class_list":["post-935","page","type-page","status-publish","hentry"],"aioseo_notices":[],"_links":{"self":[{"href":"https:\/\/www.woll-tastisch.de\/index.php?rest_route=\/wp\/v2\/pages\/935"}],"collection":[{"href":"https:\/\/www.woll-tastisch.de\/index.php?rest_route=\/wp\/v2\/pages"}],"about":[{"href":"https:\/\/www.woll-tastisch.de\/index.php?rest_route=\/wp\/v2\/types\/page"}],"author":[{"embeddable":true,"href":"https:\/\/www.woll-tastisch.de\/index.php?rest_route=\/wp\/v2\/users\/1"}],"replies":[{"embeddable":true,"href":"https:\/\/www.woll-tastisch.de\/index.php?rest_route=%2Fwp%2Fv2%2Fcomments&post=935"}],"version-history":[{"count":4,"href":"https:\/\/www.woll-tastisch.de\/index.php?rest_route=\/wp\/v2\/pages\/935\/revisions"}],"predecessor-version":[{"id":952,"href":"https:\/\/www.woll-tastisch.de\/index.php?rest_route=\/wp\/v2\/pages\/935\/revisions\/952"}],"wp:attachment":[{"href":"https:\/\/www.woll-tastisch.de\/index.php?rest_route=%2Fwp%2Fv2%2Fmedia&parent=935"}],"curies":[{"name":"wp","href":"https:\/\/api.w.org\/{rel}","templated":true}]}}